{"id":3,"date":"2022-06-11T16:41:54","date_gmt":"2022-06-11T16:41:54","guid":{"rendered":"http:\/\/imperialfood.ae\/?page_id=3"},"modified":"2026-02-16T04:10:46","modified_gmt":"2026-02-16T04:10:46","slug":"gizlilik-politikasi","status":"publish","type":"page","link":"https:\/\/imperialfood.ae\/en_us\/gizlilik-politikasi\/","title":{"rendered":"G\u0130ZL\u0130L\u0130K POL\u0130T\u0130KASI"},"content":{"rendered":"<div data-elementor-type=\"wp-page\" data-elementor-id=\"3\" class=\"elementor elementor-3\" data-elementor-post-type=\"page\">\n\t\t\t\t\t\t<section class=\"elementor-section elementor-top-section elementor-element elementor-element-35611460 elementor-section-boxed elementor-section-height-default elementor-section-height-default\" data-id=\"35611460\" data-element_type=\"section\" data-e-type=\"section\">\n\t\t\t\t\t\t<div class=\"elementor-container elementor-column-gap-default\">\n\t\t\t\t\t<div class=\"elementor-column elementor-col-100 elementor-top-column elementor-element elementor-element-d46ff20\" data-id=\"d46ff20\" data-element_type=\"column\" data-e-type=\"column\">\n\t\t\t<div class=\"elementor-widget-wrap elementor-element-populated\">\n\t\t\t\t\t\t<div class=\"elementor-element elementor-element-5e499908 elementor-widget elementor-widget-text-editor\" data-id=\"5e499908\" data-element_type=\"widget\" data-e-type=\"widget\" data-widget_type=\"text-editor.default\">\n\t\t\t\t<div class=\"elementor-widget-container\">\n\t\t\t\t\t\t\t\t\t\n<p data-start=\"0\" data-end=\"50\"><strong data-start=\"0\" data-end=\"48\">\u0625\u0639\u0644\u0627\u0646 \u062d\u0645\u0627\u064a\u0629 \u0627\u0644\u0628\u064a\u0627\u0646\u0627\u062a \u0627\u0644\u0634\u062e\u0635\u064a\u0629 \u0648\u0633\u064a\u0627\u0633\u0629 \u0627\u0644\u062e\u0635\u0648\u0635\u064a\u0629<\/strong><\/p>\n<p data-start=\"52\" data-end=\"464\">\u0627\u0644\u0645\u0639\u0644\u0648\u0645\u0627\u062a \u0627\u0644\u0623\u0633\u0627\u0633\u064a\u0629 \u0627\u0644\u0645\u062a\u0639\u0644\u0642\u0629 \u0628\u062d\u0645\u0627\u064a\u0629 \u0627\u0644\u0628\u064a\u0627\u0646\u0627\u062a \u0627\u0644\u0634\u062e\u0635\u064a\u0629 \u0627\u0644\u0645\u0642\u062f\u0645\u0629 \u0644\u0634\u0631\u0643\u0629 <strong data-start=\"118\" data-end=\"173\">IMPERIAL FOOD G\u0131da \u00dcr\u00fcnleri Ticaret Limited \u015eirketi<\/strong> \u0647\u064a \u0643\u0645\u0627 \u064a\u0644\u064a. \u062a\u0642\u0648\u0645 \u0625\u0645\u0628\u0631\u064a\u0627\u0644 \u0641\u0648\u062f \u0628\u062a\u0642\u062f\u064a\u0645 \u0627\u0644\u062a\u0648\u0636\u064a\u062d\u0627\u062a \u0623\u062f\u0646\u0627\u0647 \u0644\u0644\u0639\u0645\u0644\u0627\u0621 \u0648\u0627\u0644\u0632\u0648\u0627\u0631 \u0645\u0646 \u0627\u0644\u0623\u0637\u0631\u0627\u0641 \u0627\u0644\u062b\u0627\u0644\u062b\u0629 \u0644\u0645\u0648\u0642\u0639\u0646\u0627 \u0627\u0644\u0625\u0644\u0643\u062a\u0631\u0648\u0646\u064a\u060c \u0628\u0647\u062f\u0641 \u0627\u0644\u0648\u0641\u0627\u0621 \u0628\u0627\u0644\u062a\u0632\u0627\u0645\u0627\u062a\u0647\u0627 \u0628\u0645\u0648\u062c\u0628 \u0627\u0644\u0645\u0627\u062f\u0629 10 \u0645\u0646 <strong data-start=\"324\" data-end=\"372\">\u0642\u0627\u0646\u0648\u0646 \u062d\u0645\u0627\u064a\u0629 \u0627\u0644\u0628\u064a\u0627\u0646\u0627\u062a \u0627\u0644\u0634\u062e\u0635\u064a\u0629 \u0631\u0642\u0645 6698 (KVKK)<\/strong>. \u062a\u062d\u062a\u0641\u0638 \u0625\u0645\u0628\u0631\u064a\u0627\u0644 \u0641\u0648\u062f \u0628\u062d\u0642 \u062a\u062d\u062f\u064a\u062b \u0647\u0630\u0627 \u0627\u0644\u0628\u064a\u0627\u0646 \u062f\u0627\u0626\u0645\u0627\u064b \u0628\u0645\u0627 \u064a\u062a\u0648\u0627\u0641\u0642 \u0645\u0639 \u0627\u0644\u062a\u0639\u062f\u064a\u0644\u0627\u062a \u0627\u0644\u062a\u0634\u0631\u064a\u0639\u064a\u0629 \u0627\u0644\u0633\u0627\u0631\u064a\u0629.<\/p>\n<hr data-start=\"466\" data-end=\"469\" \/>\n<h3 class=\"wp-block-heading\" data-start=\"471\" data-end=\"500\">\u0623\u0633\u0627\u0633 \u062c\u0645\u0639 \u0627\u0644\u0628\u064a\u0627\u0646\u0627\u062a \u0627\u0644\u0634\u062e\u0635\u064a\u0629<\/h3>\n<p data-start=\"502\" data-end=\"821\">\u062a\u0648\u062c\u062f \u0623\u062d\u0643\u0627\u0645 \u0641\u064a \u0642\u0648\u0627\u0646\u064a\u0646 \u0645\u062e\u062a\u0644\u0641\u0629 \u062a\u0646\u0638\u0645 \u0627\u0633\u062a\u062e\u062f\u0627\u0645 \u0627\u0644\u0628\u064a\u0627\u0646\u0627\u062a \u0627\u0644\u0634\u062e\u0635\u064a\u0629 \u0644\u0639\u0645\u0644\u0627\u0626\u0646\u0627. \u064a\u062a\u0645 \u062a\u062d\u062f\u064a\u062f \u0627\u0644\u0645\u0628\u0627\u062f\u0626 \u0627\u0644\u0623\u0633\u0627\u0633\u064a\u0629 \u0644\u062d\u0645\u0627\u064a\u0629 \u0627\u0644\u0628\u064a\u0627\u0646\u0627\u062a \u0623\u0648\u0644\u0627\u064b \u0628\u0645\u0648\u062c\u0628 <strong data-start=\"625\" data-end=\"633\">KVKK<\/strong>. \u0643\u0645\u0627 \u064a\u062d\u062a\u0648\u064a <strong data-start=\"645\" data-end=\"696\">\u0627\u0644\u0642\u0627\u0646\u0648\u0646 \u0631\u0642\u0645 6563 \u0628\u0634\u0623\u0646 \u062a\u0646\u0638\u064a\u0645 \u0627\u0644\u062a\u062c\u0627\u0631\u0629 \u0627\u0644\u0625\u0644\u0643\u062a\u0631\u0648\u0646\u064a\u0629<\/strong> \u0639\u0644\u0649 \u0623\u062d\u0643\u0627\u0645 \u0644\u062d\u0645\u0627\u064a\u0629 \u0627\u0644\u0628\u064a\u0627\u0646\u0627\u062a \u0627\u0644\u0634\u062e\u0635\u064a\u0629\u060c \u0648\u064a\u0648\u0641\u0631 <strong data-start=\"738\" data-end=\"773\">\u0627\u0644\u0642\u0627\u0646\u0648\u0646 \u0627\u0644\u062c\u0646\u0627\u0626\u064a \u0627\u0644\u062a\u0631\u0643\u064a \u0631\u0642\u0645 5237<\/strong> \u0639\u0642\u0648\u0628\u0627\u062a \u062c\u0646\u0627\u0626\u064a\u0629 \u0641\u064a \u0628\u0639\u0636 \u0627\u0644\u062d\u0627\u0644\u0627\u062a \u0644\u062d\u0645\u0627\u064a\u0629 \u0627\u0644\u0628\u064a\u0627\u0646\u0627\u062a.<\/p>\n<p data-start=\"823\" data-end=\"965\">\u0628\u0627\u0644\u0625\u0636\u0627\u0641\u0629 \u0644\u0630\u0644\u0643\u060c \u0645\u0646 \u0627\u0644\u0636\u0631\u0648\u0631\u064a \u062c\u0645\u0639 \u0648\u0627\u0633\u062a\u062e\u062f\u0627\u0645 \u0627\u0644\u0628\u064a\u0627\u0646\u0627\u062a \u0644\u0644\u0648\u0641\u0627\u0621 \u0628\u0627\u0644\u0627\u0644\u062a\u0632\u0627\u0645\u0627\u062a \u0627\u0644\u0646\u0627\u0634\u0626\u0629 \u0639\u0646 <strong data-start=\"901\" data-end=\"937\">\u0627\u0644\u0642\u0627\u0646\u0648\u0646 \u0631\u0642\u0645 6502 \u0644\u062d\u0645\u0627\u064a\u0629 \u0627\u0644\u0645\u0633\u062a\u0647\u0644\u0643<\/strong> \u0648\u0644\u0648\u0627\u0626\u062d \u0639\u0642\u0648\u062f \u0627\u0644\u0628\u064a\u0639 \u0639\u0646 \u0628\u0639\u062f.<\/p>\n<hr data-start=\"967\" data-end=\"970\" \/>\n<h3 data-start=\"972\" data-end=\"1018\">\u0637\u0631\u0642 \u062c\u0645\u0639 \u0627\u0644\u0628\u064a\u0627\u0646\u0627\u062a \u0627\u0644\u0634\u062e\u0635\u064a\u0629 \u0644\u062f\u0649 IMPERIAL FOOD<\/h3>\n<p data-start=\"1020\" data-end=\"1176\">\u064a\u062a\u0645 \u0645\u0639\u0627\u0644\u062c\u0629 \u0627\u0644\u0645\u0639\u0644\u0648\u0645\u0627\u062a \u0627\u0644\u0645\u0642\u062f\u0645\u0629 \u0645\u0646 \u0639\u0645\u0644\u0627\u0626\u0646\u0627 \u0639\u0628\u0631 \u0645\u0648\u0642\u0639 <strong data-start=\"1069\" data-end=\"1092\"><a class=\"decorated-link\" href=\"https:\/\/imperialfood.ae\/en_us\/\" target=\"_new\" rel=\"noopener\" data-start=\"1071\" data-end=\"1090\">www.imperialfood.ae<\/a><\/strong> \u0623\u0648 \u0627\u0644\u062a\u0637\u0628\u064a\u0642\u0627\u062a \u0627\u0644\u0645\u062d\u0645\u0648\u0644\u0629 \u0628\u0648\u0627\u0633\u0637\u0629 \u0625\u0645\u0628\u0631\u064a\u0627\u0644 \u0641\u0648\u062f \u0648\u0641\u0642 \u0645\u0648\u0627\u0641\u0642\u0629 \u0627\u0644\u0639\u0645\u064a\u0644 \u0648\u0627\u0644\u0642\u0648\u0627\u0646\u064a\u0646 \u0627\u0644\u0645\u0639\u0645\u0648\u0644 \u0628\u0647\u0627.<\/p>\n<p data-start=\"1178\" data-end=\"1393\">\u0633\u064a\u0642\u0648\u0645 \u0627\u0644\u0645\u0648\u0642\u0639 \u0628\u062c\u0645\u0639 \u0645\u0639\u0644\u0648\u0645\u0627\u062a \u0627\u0644\u062a\u0635\u0641\u062d \u0627\u0644\u062e\u0627\u0635\u0629 \u0628\u0627\u0644\u0632\u0648\u0627\u0631 \u0644\u0623\u063a\u0631\u0627\u0636 \u062a\u062d\u0633\u064a\u0646 \u0627\u0644\u062e\u062f\u0645\u0629\u060c \u0648\u0644\u0646 \u064a\u062a\u0645 \u0627\u0633\u062a\u062e\u062f\u0627\u0645 \u0647\u0630\u0647 \u0627\u0644\u0628\u064a\u0627\u0646\u0627\u062a \u062e\u0627\u0631\u062c \u0627\u0644\u0623\u063a\u0631\u0627\u0636 \u0627\u0644\u0645\u062d\u062f\u062f\u0629 \u0641\u064a \u0628\u064a\u0627\u0646 \u062d\u0645\u0627\u064a\u0629 \u0627\u0644\u0628\u064a\u0627\u0646\u0627\u062a \u0627\u0644\u0634\u062e\u0635\u064a\u0629. \u0643\u0645\u0627 \u0633\u064a\u062a\u0645 \u062a\u062e\u0632\u064a\u0646\u0647\u0627 \u0628\u0634\u0643\u0644 \u0622\u0645\u0646 \u0648\u0645\u0634\u0627\u0631\u0643\u062a\u0647\u0627 \u0645\u0639 \u0623\u0637\u0631\u0627\u0641 \u062b\u0627\u0644\u062b\u0629 \u0639\u0646\u062f \u0627\u0644\u062d\u0627\u062c\u0629.<\/p>\n<p data-start=\"1395\" data-end=\"1621\">\u064a\u0645\u0643\u0646 \u0644\u0644\u0645\u0648\u0642\u0639 \u062a\u062a\u0628\u0639 \u0645\u0639\u0644\u0648\u0645\u0627\u062a \u0627\u0644\u062a\u0635\u0641\u062d \u0648\u0633\u062c\u0644 \u0627\u0644\u0627\u0633\u062a\u062e\u062f\u0627\u0645 \u0644\u062a\u0642\u062f\u064a\u0645 \u0639\u0631\u0648\u0636 \u062a\u0631\u0648\u064a\u062c\u064a\u0629 \u0645\u062e\u0635\u0635\u0629 \u0648\u062a\u062d\u0633\u064a\u0646 \u0645\u062d\u062a\u0648\u0649 \u0627\u0644\u0645\u0648\u0642\u0639 \u0623\u0648 \u0627\u0644\u062a\u0637\u0628\u064a\u0642\u0627\u062a \u0648\u0641\u0642 \u0627\u062e\u062a\u064a\u0627\u0631 \u0627\u0644\u0645\u0633\u062a\u062e\u062f\u0645. \u0643\u0645\u0627 \u064a\u0645\u0643\u0646 \u0645\u0637\u0627\u0628\u0642\u0629 \u0627\u0644\u0645\u0639\u0644\u0648\u0645\u0627\u062a \u0627\u0644\u0645\u062c\u0645\u0639\u0629 \u0645\u0646 \u0637\u0631\u0642 \u0648\u0623\u0648\u0642\u0627\u062a \u0645\u062e\u062a\u0644\u0641\u0629 \u0645\u0639 \u0628\u064a\u0627\u0646\u0627\u062a \u0645\u0646 \u0645\u0635\u0627\u062f\u0631 \u0623\u062e\u0631\u0649 \u0644\u0636\u0645\u0627\u0646 \u062c\u0648\u062f\u0629 \u0627\u0644\u062e\u062f\u0645\u0629.<\/p>\n<hr data-start=\"1623\" data-end=\"1626\" \/>\n<h3 data-start=\"1628\" data-end=\"1662\">\u0623\u0647\u062f\u0627\u0641 \u0627\u0633\u062a\u062e\u062f\u0627\u0645 \u0627\u0644\u0628\u064a\u0627\u0646\u0627\u062a \u0627\u0644\u0634\u062e\u0635\u064a\u0629<\/h3>\n<p data-start=\"1664\" data-end=\"1803\">\u062a\u0642\u0648\u0645 \u0625\u0645\u0628\u0631\u064a\u0627\u0644 \u0641\u0648\u062f\u060c \u0636\u0645\u0646 \u0627\u0644\u062d\u062f\u0648\u062f \u0627\u0644\u0645\u0633\u0645\u0648\u062d \u0628\u0647\u0627 \u0642\u0627\u0646\u0648\u0646\u064a\u0627\u064b\u060c \u0628\u062a\u0633\u062c\u064a\u0644 \u0627\u0644\u0628\u064a\u0627\u0646\u0627\u062a\u060c \u062a\u062d\u062f\u064a\u062b\u0647\u0627\u060c \u0645\u0634\u0627\u0631\u0643\u062a\u0647\u0627 \u0645\u0639 \u0623\u0637\u0631\u0627\u0641 \u062b\u0627\u0644\u062b\u0629\u060c \u0648\u062a\u0635\u0646\u064a\u0641\u0647\u0627 \u0648\u0645\u0639\u0627\u0644\u062c\u062a\u0647\u0627 \u0644\u0644\u0623\u063a\u0631\u0627\u0636 \u0627\u0644\u062a\u0627\u0644\u064a\u0629:<\/p>\n<ul data-start=\"1805\" data-end=\"2345\">\n<li data-start=\"1805\" data-end=\"1867\">\n<p style=\"text-align: right;\" data-start=\"1807\" data-end=\"1867\">\u0627\u0644\u062a\u062d\u0642\u0642 \u0645\u0646 \u0647\u0648\u064a\u0629 \u0627\u0644\u0639\u0645\u0644\u0627\u0621 \u0639\u0646\u062f \u0627\u0644\u062a\u0633\u0648\u0642 \u0639\u0628\u0631 \u0627\u0644\u0645\u0648\u0642\u0639 \u0623\u0648 \u0627\u0644\u062a\u0637\u0628\u064a\u0642\u0627\u062a.<\/p>\n<\/li>\n<li data-start=\"1868\" data-end=\"1927\">\n<p data-start=\"1870\" data-end=\"1927\">\u062d\u0641\u0638 \u0645\u0639\u0644\u0648\u0645\u0627\u062a \u0627\u0644\u0627\u062a\u0635\u0627\u0644 \u0648\u0627\u0644\u0639\u0646\u0648\u0627\u0646 \u0648\u0627\u0644\u0628\u064a\u0627\u0646\u0627\u062a \u0627\u0644\u0636\u0631\u0648\u0631\u064a\u0629 \u0627\u0644\u0623\u062e\u0631\u0649.<\/p>\n<\/li>\n<li data-start=\"1928\" data-end=\"2001\">\n<p data-start=\"1930\" data-end=\"2001\">\u0627\u0644\u062a\u0648\u0627\u0635\u0644 \u0645\u0639 \u0627\u0644\u0639\u0645\u0644\u0627\u0621 \u0628\u0634\u0623\u0646 \u0634\u0631\u0648\u0637 \u0639\u0642\u0648\u062f \u0627\u0644\u0628\u064a\u0639 \u0639\u0646 \u0628\u0639\u062f \u0648\u0627\u0644\u062a\u062d\u062f\u064a\u062b\u0627\u062a \u0627\u0644\u062e\u0627\u0635\u0629 \u0628\u0647\u0627.<\/p>\n<\/li>\n<li data-start=\"2002\" data-end=\"2079\">\n<p data-start=\"2004\" data-end=\"2079\">\u062a\u0646\u0638\u064a\u0645 \u062c\u0645\u064a\u0639 \u0627\u0644\u0633\u062c\u0644\u0627\u062a \u0648\u0627\u0644\u0645\u0633\u062a\u0646\u062f\u0627\u062a \u0627\u0644\u0645\u062a\u0639\u0644\u0642\u0629 \u0628\u0627\u0644\u0645\u0639\u0627\u0645\u0644\u0627\u062a \u0627\u0644\u0648\u0631\u0642\u064a\u0629 \u0623\u0648 \u0627\u0644\u0625\u0644\u0643\u062a\u0631\u0648\u0646\u064a\u0629.<\/p>\n<\/li>\n<li data-start=\"2080\" data-end=\"2141\">\n<p data-start=\"2082\" data-end=\"2141\">\u062a\u0644\u0628\u064a\u0629 \u0627\u0644\u0627\u0644\u062a\u0632\u0627\u0645\u0627\u062a \u0627\u0644\u0642\u0627\u0646\u0648\u0646\u064a\u0629 \u062a\u062c\u0627\u0647 \u0627\u0644\u062c\u0647\u0627\u062a \u0627\u0644\u0639\u0627\u0645\u0629 \u0639\u0646\u062f \u0627\u0644\u062d\u0627\u062c\u0629.<\/p>\n<\/li>\n<li data-start=\"2142\" data-end=\"2227\">\n<p data-start=\"2144\" data-end=\"2227\">\u062a\u0642\u062f\u064a\u0645 \u062a\u062c\u0631\u0628\u0629 \u062a\u0633\u0648\u0642 \u0622\u0645\u0646\u0629 \u0648\u0645\u0648\u062b\u0648\u0642\u0629\u060c \u0648\u0639\u0631\u0636 \u0627\u0644\u0645\u0646\u062a\u062c\u0627\u062a \u0648\u0627\u0644\u0639\u0631\u0648\u0636 \u0630\u0627\u062a \u0627\u0644\u0635\u0644\u0629 \u0628\u0627\u0647\u062a\u0645\u0627\u0645\u0627\u062a \u0627\u0644\u0639\u0645\u0644\u0627\u0621.<\/p>\n<\/li>\n<li data-start=\"2228\" data-end=\"2274\">\n<p data-start=\"2230\" data-end=\"2274\">\u062a\u0642\u064a\u064a\u0645 \u0627\u0644\u0634\u0643\u0627\u0648\u0649 \u0648\u0627\u0644\u0645\u0644\u0627\u062d\u0638\u0627\u062a \u0627\u0644\u0645\u062a\u0639\u0644\u0642\u0629 \u0628\u0627\u0644\u062e\u062f\u0645\u0629.<\/p>\n<\/li>\n<li data-start=\"2275\" data-end=\"2345\">\n<p data-start=\"2277\" data-end=\"2345\">\u0627\u0644\u0648\u0641\u0627\u0621 \u0628\u0627\u0644\u0627\u0644\u062a\u0632\u0627\u0645\u0627\u062a \u0627\u0644\u0642\u0627\u0646\u0648\u0646\u064a\u0629 \u0648\u062d\u0645\u0627\u064a\u0629 \u0627\u0644\u062d\u0642\u0648\u0642 \u0627\u0644\u0642\u0627\u0646\u0648\u0646\u064a\u0629 \u0644\u0625\u0645\u0628\u0631\u064a\u0627\u0644 \u0641\u0648\u062f.<\/p>\n<\/li>\n<\/ul>\n<hr data-start=\"2347\" data-end=\"2350\" \/>\n<h3 data-start=\"2352\" data-end=\"2384\">\u0643\u064a\u0641\u064a\u0629 \u062d\u0645\u0627\u064a\u0629 \u0627\u0644\u0628\u064a\u0627\u0646\u0627\u062a \u0627\u0644\u0634\u062e\u0635\u064a\u0629<\/h3>\n<p data-start=\"2386\" data-end=\"2564\">\u062a\u0643\u0648\u0646 \u0627\u0644\u0628\u064a\u0627\u0646\u0627\u062a \u0627\u0644\u0634\u062e\u0635\u064a\u0629 \u0627\u0644\u0645\u0642\u062f\u0645\u0629 \u0644\u0625\u0645\u0628\u0631\u064a\u0627\u0644 \u0641\u0648\u062f \u062a\u062d\u062a \u0625\u0634\u0631\u0627\u0641 \u0627\u0644\u0634\u0631\u0643\u0629. \u0648\u062a\u062a\u062d\u0645\u0644 \u0627\u0644\u0634\u0631\u0643\u0629 \u0645\u0633\u0624\u0648\u0644\u064a\u0629 \u062d\u0645\u0627\u064a\u0629 \u0627\u0644\u0628\u064a\u0627\u0646\u0627\u062a \u0648\u0641\u0642 \u0627\u0644\u0642\u0648\u0627\u0646\u064a\u0646 \u0627\u0644\u0633\u0627\u0631\u064a\u0629\u060c \u0645\u0646 \u062e\u0644\u0627\u0644 \u062a\u0646\u0638\u064a\u0645 \u0627\u0644\u0639\u0645\u0644\u064a\u0627\u062a \u0648\u0627\u062a\u062e\u0627\u0630 \u0627\u0644\u0625\u062c\u0631\u0627\u0621\u0627\u062a \u0627\u0644\u062a\u0642\u0646\u064a\u0629 \u0627\u0644\u0644\u0627\u0632\u0645\u0629.<\/p>\n<hr data-start=\"2566\" data-end=\"2569\" \/>\n<h3 data-start=\"2571\" data-end=\"2613\">\u0645\u0634\u0627\u0631\u0643\u0629 \u0627\u0644\u0628\u064a\u0627\u0646\u0627\u062a \u0627\u0644\u0634\u062e\u0635\u064a\u0629 \u0645\u0639 \u0623\u0637\u0631\u0627\u0641 \u062b\u0627\u0644\u062b\u0629<\/h3>\n<ul data-start=\"2615\" data-end=\"2905\">\n<li data-start=\"2615\" data-end=\"2677\">\n<p data-start=\"2617\" data-end=\"2677\">\u0644\u0627 \u062a\u062a\u0645 \u0645\u0634\u0627\u0631\u0643\u0629 \u0628\u064a\u0627\u0646\u0627\u062a \u0627\u0644\u0639\u0645\u0644\u0627\u0621 \u0645\u0639 \u0623\u0637\u0631\u0627\u0641 \u062b\u0627\u0644\u062b\u0629 \u0625\u0644\u0627 \u0628\u0645\u0648\u0627\u0641\u0642\u062a\u0647\u0645.<\/p>\n<\/li>\n<li data-start=\"2678\" data-end=\"2762\">\n<p data-start=\"2680\" data-end=\"2762\">\u064a\u0645\u0643\u0646 \u0645\u0634\u0627\u0631\u0643\u0629 \u0627\u0644\u0628\u064a\u0627\u0646\u0627\u062a \u0645\u0639 \u0627\u0644\u0633\u0644\u0637\u0627\u062a \u0627\u0644\u0642\u0636\u0627\u0626\u064a\u0629 \u0623\u0648 \u0627\u0644\u062c\u0647\u0627\u062a \u0627\u0644\u0639\u0627\u0645\u0629 \u0639\u0646\u062f \u0627\u0644\u0636\u0631\u0648\u0631\u0629 \u0627\u0644\u0642\u0627\u0646\u0648\u0646\u064a\u0629.<\/p>\n<\/li>\n<li data-start=\"2763\" data-end=\"2905\">\n<p data-start=\"2765\" data-end=\"2905\">\u064a\u0645\u0643\u0646 \u0645\u0634\u0627\u0631\u0643\u0629 \u0627\u0644\u0628\u064a\u0627\u0646\u0627\u062a \u0645\u0639 \u0623\u0637\u0631\u0627\u0641 \u0645\u062a\u0639\u0627\u0642\u062f\u0629 \u0644\u062a\u062d\u0633\u064a\u0646 \u0627\u0644\u062e\u062f\u0645\u0629 \u0623\u0648 \u0645\u0631\u0627\u0642\u0628\u0629 \u0627\u0644\u062c\u0648\u062f\u0629\u060c \u0645\u0639 \u0627\u062a\u062e\u0627\u0630 \u0627\u0644\u0625\u062c\u0631\u0627\u0621\u0627\u062a \u0627\u0644\u062a\u0642\u0646\u064a\u0629 \u0648\u0627\u0644\u0642\u0627\u0646\u0648\u0646\u064a\u0629 \u0627\u0644\u0644\u0627\u0632\u0645\u0629 \u0644\u0645\u0646\u0639 \u0623\u064a \u0627\u0646\u062a\u0647\u0627\u0643 \u0644\u0644\u062d\u0642\u0648\u0642.<\/p>\n<\/li>\n<\/ul>\n<hr data-start=\"2907\" data-end=\"2910\" \/>\n<h3 data-start=\"2912\" data-end=\"2939\">\u062d\u0642\u0648\u0642 \u0627\u0644\u0639\u0645\u0644\u0627\u0621 \u0628\u0645\u0648\u062c\u0628 KVKK<\/h3>\n<p data-start=\"2941\" data-end=\"2981\">\u0628\u0645\u0648\u062c\u0628 \u0627\u0644\u0645\u0627\u062f\u0629 11 \u0645\u0646 KVKK\u060c \u064a\u0645\u0643\u0646 \u0644\u0644\u0639\u0645\u0644\u0627\u0621:<\/p>\n<ul data-start=\"2983\" data-end=\"3447\">\n<li data-start=\"2983\" data-end=\"3035\">\n<p data-start=\"2985\" data-end=\"3035\">\u0645\u0639\u0631\u0641\u0629 \u0645\u0627 \u0625\u0630\u0627 \u0643\u0627\u0646\u062a \u0628\u064a\u0627\u0646\u0627\u062a\u0647\u0645 \u0627\u0644\u0634\u062e\u0635\u064a\u0629 \u062a\u062a\u0645 \u0645\u0639\u0627\u0644\u062c\u062a\u0647\u0627.<\/p>\n<\/li>\n<li data-start=\"3036\" data-end=\"3078\">\n<p data-start=\"3038\" data-end=\"3078\">\u0637\u0644\u0628 \u0627\u0644\u0645\u0639\u0644\u0648\u0645\u0627\u062a \u0625\u0630\u0627 \u062a\u0645\u062a \u0645\u0639\u0627\u0644\u062c\u0629 \u0628\u064a\u0627\u0646\u0627\u062a\u0647\u0645.<\/p>\n<\/li>\n<li data-start=\"3079\" data-end=\"3141\">\n<p data-start=\"3081\" data-end=\"3141\">\u0645\u0639\u0631\u0641\u0629 \u0627\u0644\u063a\u0631\u0636 \u0645\u0646 \u0645\u0639\u0627\u0644\u062c\u0629 \u0627\u0644\u0628\u064a\u0627\u0646\u0627\u062a \u0648\u0647\u0644 \u062a\u0645 \u0627\u0633\u062a\u062e\u062f\u0627\u0645\u0647\u0627 \u0648\u0641\u0642 \u0627\u0644\u063a\u0631\u0636.<\/p>\n<\/li>\n<li data-start=\"3142\" data-end=\"3214\">\n<p data-start=\"3144\" data-end=\"3214\">\u0645\u0639\u0631\u0641\u0629 \u0627\u0644\u0623\u0637\u0631\u0627\u0641 \u0627\u0644\u062b\u0627\u0644\u062b\u0629 \u0627\u0644\u062a\u064a \u062a\u0645 \u0646\u0642\u0644 \u0627\u0644\u0628\u064a\u0627\u0646\u0627\u062a \u0625\u0644\u064a\u0647\u0627 \u062f\u0627\u062e\u0644 \u0623\u0648 \u062e\u0627\u0631\u062c \u062a\u0631\u0643\u064a\u0627.<\/p>\n<\/li>\n<li data-start=\"3215\" data-end=\"3272\">\n<p data-start=\"3217\" data-end=\"3272\">\u0637\u0644\u0628 \u062a\u0635\u062d\u064a\u062d \u0623\u0648 \u062d\u0630\u0641 \u0627\u0644\u0628\u064a\u0627\u0646\u0627\u062a \u063a\u064a\u0631 \u0627\u0644\u062f\u0642\u064a\u0642\u0629 \u0623\u0648 \u063a\u064a\u0631 \u0627\u0644\u0643\u0627\u0645\u0644\u0629.<\/p>\n<\/li>\n<li data-start=\"3273\" data-end=\"3326\">\n<p data-start=\"3275\" data-end=\"3326\">\u0637\u0644\u0628 \u0625\u0639\u0644\u0627\u0645 \u0627\u0644\u0623\u0637\u0631\u0627\u0641 \u0627\u0644\u062b\u0627\u0644\u062b\u0629 \u0628\u062a\u0635\u062d\u064a\u062d \u0623\u0648 \u062d\u0630\u0641 \u0627\u0644\u0628\u064a\u0627\u0646\u0627\u062a.<\/p>\n<\/li>\n<li data-start=\"3327\" data-end=\"3385\">\n<p data-start=\"3329\" data-end=\"3385\">\u0627\u0644\u0627\u0639\u062a\u0631\u0627\u0636 \u0639\u0644\u0649 \u0627\u0644\u0645\u0639\u0627\u0644\u062c\u0629 \u0627\u0644\u0622\u0644\u064a\u0629 \u0627\u0644\u062a\u064a \u062a\u0624\u062f\u064a \u0625\u0644\u0649 \u0646\u062a\u0627\u0626\u062c \u0636\u062f\u0647\u0645.<\/p>\n<\/li>\n<li data-start=\"3386\" data-end=\"3447\">\n<p data-start=\"3388\" data-end=\"3447\">\u0637\u0644\u0628 \u062a\u0639\u0648\u064a\u0636 \u0627\u0644\u0623\u0636\u0631\u0627\u0631 \u0627\u0644\u0646\u0627\u062a\u062c\u0629 \u0639\u0646 \u0645\u0639\u0627\u0644\u062c\u0629 \u063a\u064a\u0631 \u0642\u0627\u0646\u0648\u0646\u064a\u0629 \u0644\u0644\u0628\u064a\u0627\u0646\u0627\u062a.<\/p>\n<\/li>\n<\/ul>\n<hr data-start=\"3449\" data-end=\"3452\" \/>\n<h3 data-start=\"3454\" data-end=\"3472\">\u062a\u062d\u062f\u064a\u062b \u0627\u0644\u0628\u064a\u0627\u0646\u0627\u062a<\/h3>\n<p data-start=\"3474\" data-end=\"3662\">\u0648\u0641\u0642\u0627\u064b \u0644\u0644\u0645\u0627\u062f\u0629 4 \u0645\u0646 KVKK\u060c \u064a\u062c\u0628 \u0639\u0644\u0649 \u0625\u0645\u0628\u0631\u064a\u0627\u0644 \u0641\u0648\u062f \u0627\u0644\u062d\u0641\u0627\u0638 \u0639\u0644\u0649 \u062f\u0642\u0629 \u0627\u0644\u0628\u064a\u0627\u0646\u0627\u062a \u0648\u062a\u062d\u062f\u064a\u062b\u0647\u0627. \u0644\u0630\u0627 \u064a\u064f\u0637\u0644\u0628 \u0645\u0646 \u0627\u0644\u0639\u0645\u0644\u0627\u0621 \u062a\u0632\u0648\u064a\u062f \u0627\u0644\u0634\u0631\u0643\u0629 \u0628\u0645\u0639\u0644\u0648\u0645\u0627\u062a \u0635\u062d\u064a\u062d\u0629 \u0648\u062d\u062f\u064a\u062b\u0629\u060c \u0648\u0625\u0628\u0644\u0627\u063a \u0627\u0644\u0634\u0631\u0643\u0629 \u0628\u0623\u064a \u062a\u063a\u064a\u064a\u0631\u0627\u062a \u0639\u0628\u0631 \u0628\u064a\u0627\u0646\u0627\u062a \u0627\u0644\u062a\u0648\u0627\u0635\u0644 \u0623\u062f\u0646\u0627\u0647.<\/p>\n<hr data-start=\"3664\" data-end=\"3667\" \/>\n<p data-start=\"3669\" data-end=\"3690\"><strong data-start=\"3669\" data-end=\"3688\">\u0628\u064a\u0627\u0646\u0627\u062a \u0627\u0644\u062a\u0648\u0627\u0635\u0644:<\/strong><\/p>\n<ul data-start=\"3691\" data-end=\"3989\" data-is-last-node=\"\" data-is-only-node=\"\">\n<li data-start=\"3691\" data-end=\"3758\">\n<p data-start=\"3693\" data-end=\"3758\"><strong data-start=\"3693\" data-end=\"3704\">\u0627\u0644\u0634\u0631\u0643\u0629:<\/strong> IMPERIAL FOOD GIDA \u00dcR\u00dcNLER\u0130 T\u0130CARET L\u0130M\u0130TED \u015e\u0130RKET\u0130<\/p>\n<\/li>\n<li data-start=\"3759\" data-end=\"3873\">\n<p data-start=\"3761\" data-end=\"3873\"><strong data-start=\"3761\" data-end=\"3773\">\u0627\u0644\u0639\u0646\u0648\u0627\u0646:<\/strong> Ku\u015ftepe Mahallesi, Mecidiyek\u00f6y Yolu Street, Trump Tower Blok No: 12, Inner Door No: 367 Sisli\/Istanbul<\/p>\n<\/li>\n<li data-start=\"3874\" data-end=\"3925\">\n<p data-start=\"3876\" data-end=\"3925\"><strong data-start=\"3876\" data-end=\"3898\">\u0627\u0644\u0628\u0631\u064a\u062f \u0627\u0644\u0625\u0644\u0643\u062a\u0631\u0648\u0646\u064a:<\/strong> <a class=\"decorated-link cursor-pointer\" rel=\"noopener\" data-start=\"3899\" data-end=\"3923\">iletisim@imperialfood.ae<\/a><\/p>\n<\/li>\n<li data-start=\"3926\" data-end=\"3956\">\n<p data-start=\"3928\" data-end=\"3956\"><strong data-start=\"3928\" data-end=\"3939\">\u0627\u0644\u0647\u0627\u062a\u0641:<\/strong> 0212 216 86 16<\/p>\n<\/li>\n<li data-start=\"3957\" data-end=\"3989\" data-is-last-node=\"\">\n<p data-start=\"3959\" data-end=\"3989\" data-is-last-node=\"\"><strong data-start=\"3959\" data-end=\"3974\">\u0631\u0642\u0645 \u0648\u0627\u062a\u0633\u0627\u0628:<\/strong> 0530 966 01 01<\/p>\n<\/li>\n<\/ul>\n\t\t\t\t\t\t\t\t<\/div>\n\t\t\t\t<\/div>\n\t\t\t\t\t<\/div>\n\t\t<\/div>\n\t\t\t\t\t<\/div>\n\t\t<\/section>\n\t\t\t\t<\/div>","protected":false},"excerpt":{"rendered":"<p>\u0625\u0639\u0644\u0627\u0646 \u062d\u0645\u0627\u064a\u0629 \u0627\u0644\u0628\u064a\u0627\u0646\u0627\u062a \u0627\u0644\u0634\u062e\u0635\u064a\u0629 \u0648\u0633\u064a\u0627\u0633\u0629 \u0627\u0644\u062e\u0635\u0648\u0635\u064a\u0629 \u0627\u0644\u0645\u0639\u0644\u0648\u0645\u0627\u062a \u0627\u0644\u0623\u0633\u0627\u0633\u064a\u0629 \u0627\u0644\u0645\u062a\u0639\u0644\u0642\u0629 \u0628\u062d\u0645\u0627\u064a\u0629 \u0627\u0644\u0628\u064a\u0627\u0646\u0627\u062a \u0627\u0644\u0634\u062e\u0635\u064a\u0629 \u0627\u0644\u0645\u0642\u062f\u0645\u0629 \u0644\u0634\u0631\u0643\u0629 IMPERIAL FOOD G\u0131da \u00dcr\u00fcnleri Ticaret Limited \u015eirketi \u0647\u064a \u0643\u0645\u0627 \u064a\u0644\u064a. \u062a\u0642\u0648\u0645 \u0625\u0645\u0628\u0631\u064a\u0627\u0644 \u0641\u0648\u062f \u0628\u062a\u0642\u062f\u064a\u0645 \u0627\u0644\u062a\u0648\u0636\u064a\u062d\u0627\u062a \u0623\u062f\u0646\u0627\u0647 \u0644\u0644\u0639\u0645\u0644\u0627\u0621 \u0648\u0627\u0644\u0632\u0648\u0627\u0631 \u0645\u0646 \u0627\u0644\u0623\u0637\u0631\u0627\u0641 \u0627\u0644\u062b\u0627\u0644\u062b\u0629 \u0644\u0645\u0648\u0642\u0639\u0646\u0627 \u0627\u0644\u0625\u0644\u0643\u062a\u0631\u0648\u0646\u064a\u060c \u0628\u0647\u062f\u0641 \u0627\u0644\u0648\u0641\u0627\u0621 \u0628\u0627\u0644\u062a\u0632\u0627\u0645\u0627\u062a\u0647\u0627 \u0628\u0645\u0648\u062c\u0628 \u0627\u0644\u0645\u0627\u062f\u0629 10 \u0645\u0646 \u0642\u0627\u0646\u0648\u0646 \u062d\u0645\u0627\u064a\u0629 \u0627\u0644\u0628\u064a\u0627\u0646\u0627\u062a \u0627\u0644\u0634\u062e\u0635\u064a\u0629 \u0631\u0642\u0645 6698 (KVKK). \u062a\u062d\u062a\u0641\u0638 \u0625\u0645\u0628\u0631\u064a\u0627\u0644 \u0641\u0648\u062f \u0628\u062d\u0642 [&hellip;]<\/p>\n","protected":false},"author":1,"featured_media":0,"parent":0,"menu_order":0,"comment_status":"closed","ping_status":"closed","template":"","meta":{"_acf_changed":false,"footnotes":""},"class_list":["post-3","page","type-page","status-publish","hentry"],"acf":[],"jetpack_sharing_enabled":true,"_links":{"self":[{"href":"https:\/\/imperialfood.ae\/en_us\/wp-json\/wp\/v2\/pages\/3","targetHints":{"allow":["GET"]}}],"collection":[{"href":"https:\/\/imperialfood.ae\/en_us\/wp-json\/wp\/v2\/pages"}],"about":[{"href":"https:\/\/imperialfood.ae\/en_us\/wp-json\/wp\/v2\/types\/page"}],"author":[{"embeddable":true,"href":"https:\/\/imperialfood.ae\/en_us\/wp-json\/wp\/v2\/users\/1"}],"replies":[{"embeddable":true,"href":"https:\/\/imperialfood.ae\/en_us\/wp-json\/wp\/v2\/comments?post=3"}],"version-history":[{"count":20,"href":"https:\/\/imperialfood.ae\/en_us\/wp-json\/wp\/v2\/pages\/3\/revisions"}],"predecessor-version":[{"id":2554,"href":"https:\/\/imperialfood.ae\/en_us\/wp-json\/wp\/v2\/pages\/3\/revisions\/2554"}],"wp:attachment":[{"href":"https:\/\/imperialfood.ae\/en_us\/wp-json\/wp\/v2\/media?parent=3"}],"curies":[{"name":"wp","href":"https:\/\/api.w.org\/{rel}","templated":true}]}}