{"id":1473,"date":"2022-11-05T10:09:47","date_gmt":"2022-11-05T10:09:47","guid":{"rendered":"https:\/\/imperialfood.ae\/?page_id=1473"},"modified":"2026-02-16T06:52:31","modified_gmt":"2026-02-16T06:52:31","slug":"mesafeli-satis-sozlesmesi","status":"publish","type":"page","link":"https:\/\/imperialfood.ae\/en_us\/mesafeli-satis-sozlesmesi\/","title":{"rendered":"MESAFEL\u0130 SATI\u015e S\u00d6ZLE\u015eMES\u0130\u00a0"},"content":{"rendered":"<div data-elementor-type=\"wp-page\" data-elementor-id=\"1473\" class=\"elementor elementor-1473\" data-elementor-post-type=\"page\">\n\t\t\t\t\t\t<section class=\"elementor-section elementor-top-section elementor-element elementor-element-a77e2f3 elementor-section-boxed elementor-section-height-default elementor-section-height-default\" data-id=\"a77e2f3\" data-element_type=\"section\" data-e-type=\"section\">\n\t\t\t\t\t\t<div class=\"elementor-container elementor-column-gap-default\">\n\t\t\t\t\t<div class=\"elementor-column elementor-col-100 elementor-top-column elementor-element elementor-element-70debfe\" data-id=\"70debfe\" data-element_type=\"column\" data-e-type=\"column\">\n\t\t\t<div class=\"elementor-widget-wrap elementor-element-populated\">\n\t\t\t\t\t\t<div class=\"elementor-element elementor-element-56354b9 elementor-widget elementor-widget-heading\" data-id=\"56354b9\" data-element_type=\"widget\" data-e-type=\"widget\" data-widget_type=\"heading.default\">\n\t\t\t\t<div class=\"elementor-widget-container\">\n\t\t\t\t\t<h2 class=\"elementor-heading-title elementor-size-default\">\u0639\u0642\u062f \u0627\u0644\u0628\u064a\u0639 \u0639\u0646 \u0628\u0639\u062f<\/h2>\t\t\t\t<\/div>\n\t\t\t\t<\/div>\n\t\t\t\t<div class=\"elementor-element elementor-element-3550b17 elementor-widget elementor-widget-html\" data-id=\"3550b17\" data-element_type=\"widget\" data-e-type=\"widget\" data-widget_type=\"html.default\">\n\t\t\t\t<div class=\"elementor-widget-container\">\n\t\t\t\t\t<div style=\"direction: rtl; text-align: right; font-family: 'Noto Naskh Arabic', serif; line-height: 1.5; font-size:19.2px\">\r\n\r\n<h2>1. \u0627\u0644\u0623\u0637\u0631\u0627\u0641<\/h2>\r\n<p>\u062a\u0645 \u062a\u0648\u0642\u064a\u0639 \u0647\u0630\u0627 \u0627\u0644\u0639\u0642\u062f \u0628\u064a\u0646 \u0627\u0644\u0623\u0637\u0631\u0627\u0641 \u0627\u0644\u062a\u0627\u0644\u064a\u0629 \u0648\u0641\u0642 \u0627\u0644\u0634\u0631\u0648\u0637 \u0648\u0627\u0644\u0623\u062d\u0643\u0627\u0645 \u0627\u0644\u0645\u0628\u064a\u0646\u0629 \u0623\u062f\u0646\u0627\u0647:<\/p>\r\n\r\n<p><strong>\u0627\u0644\u0628\u0627\u0626\u0639:<\/strong><\/p>\r\n<ul>\r\n  <li>\u0627\u0644\u0627\u0633\u0645 \u0627\u0644\u062a\u062c\u0627\u0631\u064a: Imperial Food G\u0131da Ticaret Limited (\u201cImperial Food\u201d)<\/li>\r\n  <li>\u0627\u0644\u0639\u0646\u0648\u0627\u0646: \u062d\u064a Ku\u015ftepe\u060c \u0634\u0627\u0631\u0639 Mecidiyek\u00f6y Yolu\u060c Trump Tower\u060c \u0628\u0644\u0648\u0643 \u0631\u0642\u0645: 12\u060c \u0628\u0627\u0628 \u062f\u0627\u062e\u0644\u064a \u0631\u0642\u0645: 367\u060c \u0634\u064a\u0634\u0644\u064a \/ \u0625\u0633\u0637\u0646\u0628\u0648\u0644<\/li>\r\n  <li>\u0627\u0644\u0628\u0631\u064a\u062f \u0627\u0644\u0625\u0644\u0643\u062a\u0631\u0648\u0646\u064a: iletisim@imperialfood.ae<\/li>\r\n  <li>\u0627\u0644\u0631\u0642\u0645 \u0627\u0644\u0636\u0631\u064a\u0628\u064a: 4740824548 Ka\u011f\u0131thane<\/li>\r\n  <li>\u0631\u0642\u0645 MERSIS: 0474082454800001<\/li>\r\n<\/ul>\r\n<p>\u0648\u064a\u0634\u0627\u0631 \u0625\u0644\u064a\u0647 \u0644\u0627\u062d\u0642\u0627\u064b \u0628\u0640 <strong>\u0627\u0644\u0628\u0627\u0626\u0639 \/ Imperial Food<\/strong>.<\/p>\r\n\r\n<p><strong>\u0627\u0644\u0645\u0634\u062a\u0631\u064a \u0648\u0628\u064a\u0627\u0646\u0627\u062a \u0627\u0644\u0634\u062e\u0635 \u0627\u0644\u0637\u0627\u0644\u0628 \u0644\u0644\u0637\u0644\u0628:<\/strong><\/p>\r\n<p>\u064a\u062a\u0645 \u0625\u0631\u0633\u0627\u0644 \u062a\u0641\u0627\u0635\u064a\u0644 \u0627\u0644\u0637\u0644\u0628 \u0648\u0628\u064a\u0627\u0646\u0627\u062a \u0627\u0644\u0634\u062e\u0635 \u0627\u0644\u0637\u0627\u0644\u0628 \u0625\u0644\u0649 \u0627\u0644\u0628\u0631\u064a\u062f \u0627\u0644\u0625\u0644\u0643\u062a\u0631\u0648\u0646\u064a \u0627\u0644\u0645\u0633\u062c\u0644 \u0639\u0646\u062f \u0627\u0644\u0627\u0634\u062a\u0631\u0627\u0643. \u0648\u064a\u0634\u0627\u0631 \u0625\u0644\u0649 \u0627\u0644\u0634\u062e\u0635 \u0627\u0644\u0637\u0627\u0644\u0628 \u0628\u0627\u0644\u0640 <strong>\u0645\u0634\u062a\u0631\u064a<\/strong>.<\/p>\r\n\r\n<h2>\u0627\u0644\u062a\u0639\u0631\u064a\u0641\u0627\u062a<\/h2>\r\n<p>\u0641\u064a \u062a\u0646\u0641\u064a\u0630 \u0648\u062a\u0641\u0633\u064a\u0631 \u0647\u0630\u0627 \u0627\u0644\u0639\u0642\u062f\u060c \u062a\u064f\u0633\u062a\u062e\u062f\u0645 \u0627\u0644\u0645\u0635\u0637\u0644\u062d\u0627\u062a \u0627\u0644\u062a\u0627\u0644\u064a\u0629 \u0628\u0645\u0639\u0627\u0646\u064a\u0647\u0627 \u0627\u0644\u0645\u0648\u0636\u062d\u0629:<\/p>\r\n<ul>\r\n  <li><strong>\u0627\u0644\u0648\u0632\u064a\u0631:<\/strong> \u0648\u0632\u064a\u0631 \u0627\u0644\u062c\u0645\u0627\u0631\u0643 \u0648\u0627\u0644\u062a\u062c\u0627\u0631\u0629<\/li>\r\n  <li><strong>\u0627\u0644\u0648\u0632\u0627\u0631\u0629:<\/strong> \u0648\u0632\u0627\u0631\u0629 \u0627\u0644\u062c\u0645\u0627\u0631\u0643 \u0648\u0627\u0644\u062a\u062c\u0627\u0631\u0629<\/li>\r\n  <li><strong>\u0627\u0644\u0642\u0627\u0646\u0648\u0646:<\/strong> \u0642\u0627\u0646\u0648\u0646 \u062d\u0645\u0627\u064a\u0629 \u0627\u0644\u0645\u0633\u062a\u0647\u0644\u0643 \u0631\u0642\u0645 6502<\/li>\r\n  <li><strong>\u0627\u0644\u0644\u0627\u0626\u062d\u0629:<\/strong> \u0644\u0627\u0626\u062d\u0629 \u0627\u0644\u0639\u0642\u0648\u062f \u0639\u0646 \u0628\u0639\u062f (\u0627\u0644\u062c\u0631\u064a\u062f\u0629 \u0627\u0644\u0631\u0633\u0645\u064a\u0629: 27.11.2014\/29188)<\/li>\r\n  <li><strong>\u0627\u0644\u062e\u062f\u0645\u0629:<\/strong> \u0623\u064a \u0639\u0645\u0644\u064a\u0629 \u0627\u0633\u062a\u0647\u0644\u0627\u0643\u064a\u0629 \u063a\u064a\u0631 \u0645\u0631\u062a\u0628\u0637\u0629 \u0628\u062a\u0648\u0631\u064a\u062f \u0627\u0644\u0633\u0644\u0639 \u0645\u0642\u0627\u0628\u0644 \u0623\u062c\u0631 \u0623\u0648 \u0645\u0646\u0641\u0639\u0629<\/li>\r\n  <li><strong>\u0627\u0644\u0628\u0627\u0626\u0639:<\/strong> \u0627\u0644\u0634\u0631\u0643\u0629 \u0627\u0644\u062a\u064a \u062a\u0642\u062f\u0645 \u0627\u0644\u0633\u0644\u0639 \u0644\u0644\u0645\u0633\u062a\u0647\u0644\u0643 \u0641\u064a \u0625\u0637\u0627\u0631 \u0646\u0634\u0627\u0637\u0647\u0627 \u0627\u0644\u062a\u062c\u0627\u0631\u064a \u0623\u0648 \u0627\u0644\u0645\u0647\u0646\u064a<\/li>\r\n  <li><strong>\u0627\u0644\u0645\u0634\u062a\u0631\u064a:<\/strong> \u0627\u0644\u0634\u062e\u0635 \u0627\u0644\u0637\u0628\u064a\u0639\u064a \u0623\u0648 \u0627\u0644\u0627\u0639\u062a\u0628\u0627\u0631\u064a \u0627\u0644\u0630\u064a \u064a\u062d\u0635\u0644 \u0639\u0644\u0649 \u0633\u0644\u0639\u0629 \u0623\u0648 \u062e\u062f\u0645\u0629 \u0644\u0623\u063a\u0631\u0627\u0636 \u063a\u064a\u0631 \u062a\u062c\u0627\u0631\u064a\u0629 \u0623\u0648 \u0645\u0647\u0646\u064a\u0629<\/li>\r\n  <li><strong>\u0627\u0644\u0645\u0648\u0642\u0639:<\/strong> \u0645\u0648\u0642\u0639 \u0627\u0644\u0625\u0646\u062a\u0631\u0646\u062a \u0627\u0644\u062a\u0627\u0628\u0639 \u0644\u0644\u0628\u0627\u0626\u0639<\/li>\r\n  <li><strong>\u0627\u0644\u0637\u0627\u0644\u0628 \u0644\u0644\u0637\u0644\u0628:<\/strong> \u0627\u0644\u0634\u062e\u0635 \u0627\u0644\u0637\u0628\u064a\u0639\u064a \u0623\u0648 \u0627\u0644\u0627\u0639\u062a\u0628\u0627\u0631\u064a \u0627\u0644\u0630\u064a \u064a\u0637\u0644\u0628 \u0633\u0644\u0639\u0629 \u0623\u0648 \u062e\u062f\u0645\u0629 \u0645\u0646 \u0645\u0648\u0642\u0639 \u0627\u0644\u0628\u0627\u0626\u0639<\/li>\r\n  <li><strong>\u0627\u0644\u0623\u0637\u0631\u0627\u0641:<\/strong> \u0627\u0644\u0628\u0627\u0626\u0639 \u0648\u0627\u0644\u0645\u0634\u062a\u0631\u064a<\/li>\r\n  <li><strong>\u0627\u0644\u0639\u0642\u062f:<\/strong> \u0647\u0630\u0627 \u0627\u0644\u0639\u0642\u062f \u0628\u064a\u0646 \u0627\u0644\u0628\u0627\u0626\u0639 \u0648\u0627\u0644\u0645\u0634\u062a\u0631\u064a<\/li>\r\n  <li><strong>\u0627\u0644\u0633\u0644\u0639\u0629:<\/strong> \u0645\u0646\u062a\u062c\u0627\u062a \u0627\u0644\u0637\u0639\u0627\u0645 \u0627\u0644\u062a\u0627\u0628\u0639\u0629 \u0644\u0639\u0644\u0627\u0645\u0629 Imperial Food \u0627\u0644\u0645\u0634\u0645\u0648\u0644\u0629 \u0628\u0627\u0644\u0637\u0644\u0628<\/li>\r\n<\/ul>\r\n\r\n<h2>\u0645\u0648\u0636\u0648\u0639 \u0627\u0644\u0639\u0642\u062f<\/h2>\r\n<p>\u0645\u0648\u0636\u0648\u0639 \u0647\u0630\u0627 \u0627\u0644\u0639\u0642\u062f \u0647\u0648 \u0627\u0644\u0628\u064a\u0639 \u0648\u0627\u0644\u062a\u0633\u0644\u064a\u0645 \u0627\u0644\u0625\u0644\u0643\u062a\u0631\u0648\u0646\u064a \u0644\u0644\u0645\u0646\u062a\u062c\u0627\u062a \u0627\u0644\u062a\u0627\u0628\u0639\u0629 \u0644\u0639\u0644\u0627\u0645\u0629 Imperial Food \u0648\u0641\u0642 \u0627\u0644\u0645\u0639\u0644\u0648\u0645\u0627\u062a \u0627\u0644\u0645\u0639\u0631\u0648\u0636\u0629 \u0639\u0644\u0649 \u0627\u0644\u0645\u0648\u0642\u0639\u060c \u0645\u0639 \u062a\u062d\u062f\u064a\u062f \u062d\u0642\u0648\u0642 \u0648\u0627\u0644\u062a\u0632\u0627\u0645\u0627\u062a \u0627\u0644\u0637\u0631\u0641\u064a\u0646 \u0648\u0641\u0642 \u0642\u0627\u0646\u0648\u0646 \u062d\u0645\u0627\u064a\u0629 \u0627\u0644\u0645\u0633\u062a\u0647\u0644\u0643 \u0631\u0642\u0645 6502 \u0648\u0627\u0644\u0644\u0648\u0627\u0626\u062d \u0627\u0644\u062a\u0646\u0641\u064a\u0630\u064a\u0629 \u0630\u0627\u062a \u0627\u0644\u0635\u0644\u0629.<\/p>\r\n\r\n<h2>\u0645\u0639\u0644\u0648\u0645\u0627\u062a \u0627\u0644\u0645\u0646\u062a\u062c\u0627\u062a<\/h2>\r\n<ul>\r\n  <li>\u064a\u062a\u0645 \u0639\u0631\u0636 \u062e\u0635\u0627\u0626\u0635 \u0627\u0644\u0645\u0646\u062a\u062c\u0627\u062a \u0639\u0644\u0649 \u0645\u0648\u0642\u0639 \u0627\u0644\u0628\u0627\u0626\u0639.<\/li>\r\n  <li>\u0627\u0644\u0623\u0633\u0639\u0627\u0631 \u0627\u0644\u0645\u0646\u0634\u0648\u0631\u0629 \u0647\u064a \u0623\u0633\u0639\u0627\u0631 \u0627\u0644\u0628\u064a\u0639\u060c \u0648\u062a\u0638\u0644 \u0633\u0627\u0631\u064a\u0629 \u062d\u062a\u0649 \u064a\u062a\u0645 \u062a\u062d\u062f\u064a\u062b\u0647\u0627.<\/li>\r\n  <li>\u0627\u0644\u0623\u0633\u0639\u0627\u0631 \u0627\u0644\u0645\u0624\u0642\u062a\u0629 \u0635\u0627\u0644\u062d\u0629 \u062e\u0644\u0627\u0644 \u0627\u0644\u0641\u062a\u0631\u0629 \u0627\u0644\u0645\u062d\u062f\u062f\u0629 \u0641\u0642\u0637.<\/li>\r\n  <li>\u0633\u0639\u0631 \u0627\u0644\u0645\u0646\u062a\u062c \u0634\u0627\u0645\u0644 \u062c\u0645\u064a\u0639 \u0627\u0644\u0636\u0631\u0627\u0626\u0628.<\/li>\r\n<\/ul>\r\n\r\n<h2>\u0645\u0639\u0644\u0648\u0645\u0627\u062a \u0627\u0644\u0641\u0627\u062a\u0648\u0631\u0629<\/h2>\r\n<p>\u064a\u062a\u0645 \u062a\u0642\u062f\u064a\u0645 \u0625\u064a\u0635\u0627\u0644 \u0628\u062f\u0644\u0627\u064b \u0645\u0646 \u0627\u0644\u0641\u0627\u062a\u0648\u0631\u0629 \u0645\u0639 \u0643\u0644 \u0637\u0644\u0628. \u0641\u064a \u062d\u0627\u0644 \u0637\u0644\u0628 \u0627\u0644\u0645\u0634\u062a\u0631\u064a \u0627\u0644\u0641\u0627\u062a\u0648\u0631\u0629\u060c \u064a\u062c\u0628 \u0627\u0644\u062a\u0648\u0627\u0635\u0644 \u0645\u0639 \u0627\u0644\u0641\u0631\u0639 \u0623\u0648 \u062e\u062f\u0645\u0629 \u0627\u0644\u0639\u0645\u0644\u0627\u0621 \u0644\u0625\u0635\u062f\u0627\u0631\u0647\u0627.<\/p>\r\n\r\n<h2>\u0627\u0644\u0623\u062d\u0643\u0627\u0645 \u0627\u0644\u0639\u0627\u0645\u0629<\/h2>\r\n<ul>\r\n  <li>\u064a\u0642\u0631 \u0627\u0644\u0645\u0634\u062a\u0631\u064a \u0628\u0623\u0646\u0647 \u0642\u0631\u0623 \u0648\u0641\u0647\u0645 \u0627\u0644\u0645\u0639\u0644\u0648\u0645\u0627\u062a \u0627\u0644\u0623\u0633\u0627\u0633\u064a\u0629 \u062d\u0648\u0644 \u0627\u0644\u0645\u0646\u062a\u062c\u060c \u0627\u0644\u0633\u0639\u0631\u060c \u0637\u0631\u064a\u0642\u0629 \u0627\u0644\u062f\u0641\u0639\u060c \u0648\u0648\u0633\u0627\u0626\u0644 \u0627\u0644\u062a\u0633\u0644\u064a\u0645\u060c \u0648\u0623\u0646\u0647 \u0648\u0627\u0641\u0642 \u0625\u0644\u0643\u062a\u0631\u0648\u0646\u064a\u0627\u064b \u0639\u0644\u0649 \u0647\u0630\u0647 \u0627\u0644\u0645\u0639\u0644\u0648\u0645\u0627\u062a.<\/li>\r\n  <li>\u064a\u0642\u0631 \u0627\u0644\u0645\u0634\u062a\u0631\u064a \u0628\u0623\u0646 \u062c\u0645\u064a\u0639 \u062a\u0641\u0627\u0635\u064a\u0644 \u0627\u0644\u0637\u0644\u0628 \u0648\u0627\u0644\u0645\u0646\u062a\u062c\u060c \u0648\u0627\u0644\u0623\u0633\u0639\u0627\u0631\u060c \u0648\u0645\u0639\u0644\u0648\u0645\u0627\u062a \u0627\u0644\u062f\u0641\u0639 \u0648\u0627\u0644\u062a\u0633\u0644\u064a\u0645 \u0642\u062f \u062a\u0645 \u062a\u0632\u0648\u064a\u062f\u0647 \u0628\u0647\u0627 \u0628\u062f\u0642\u0629.<\/li>\r\n  <li>\u064a\u0636\u0645\u0646 \u0627\u0644\u0628\u0627\u0626\u0639 \u062a\u0642\u062f\u064a\u0645 \u0627\u0644\u0645\u0646\u062a\u062c \u0648\u0641\u0642 \u0645\u0639\u0627\u064a\u064a\u0631 \u0627\u0644\u062c\u0648\u062f\u0629 \u0648\u0627\u0644\u062f\u0642\u0629 \u0648\u0627\u0644\u0623\u0645\u0627\u0646\u0629\u060c \u0648\u0627\u0644\u062d\u0641\u0627\u0638 \u0639\u0644\u0649 \u0645\u0633\u062a\u0648\u0649 \u0627\u0644\u062e\u062f\u0645\u0629.<\/li>\r\n  <li>\u0641\u064a \u062d\u0627\u0644 \u062a\u0639\u0630\u0631 \u062a\u0633\u0644\u064a\u0645 \u0627\u0644\u0645\u0646\u062a\u062c\u060c \u064a\u0644\u062a\u0632\u0645 \u0627\u0644\u0628\u0627\u0626\u0639 \u0628\u0625\u0628\u0644\u0627\u063a \u0627\u0644\u0645\u0634\u062a\u0631\u064a \u0641\u0648\u0631\u0627\u064b.<\/li>\r\n  <li>\u0641\u064a \u062d\u0627\u0644 \u0639\u062f\u0645 \u062f\u0641\u0639 \u062b\u0645\u0646 \u0627\u0644\u0645\u0646\u062a\u062c \u0644\u0623\u064a \u0633\u0628\u0628 \u0623\u0648 \u0625\u0644\u063a\u0627\u0621 \u0627\u0644\u062f\u0641\u0639\u060c \u062a\u0646\u062a\u0647\u064a \u0645\u0633\u0624\u0648\u0644\u064a\u0629 \u0627\u0644\u0628\u0627\u0626\u0639 \u0639\u0646 \u0627\u0644\u062a\u0633\u0644\u064a\u0645.<\/li>\r\n  <li>\u0641\u064a \u062d\u0627\u0644\u0627\u062a \u0627\u0644\u0642\u0648\u0629 \u0627\u0644\u0642\u0627\u0647\u0631\u0629 \u0623\u0648 \u0627\u0644\u0638\u0631\u0648\u0641 \u0627\u0644\u062e\u0627\u0631\u062c\u0629 \u0639\u0646 \u0625\u0631\u0627\u062f\u0629 \u0627\u0644\u0623\u0637\u0631\u0627\u0641\u060c \u0644\u0627 \u064a\u0643\u0648\u0646 \u0644\u0644\u0628\u0627\u0626\u0639 \u0623\u064a \u0645\u0633\u0624\u0648\u0644\u064a\u0629 \u0639\u0646 \u0627\u0644\u062a\u0623\u062e\u064a\u0631 \u0623\u0648 \u0639\u062f\u0645 \u0627\u0644\u062a\u0633\u0644\u064a\u0645.<\/li>\r\n  <li>\u064a\u062d\u0642 \u0644\u0644\u0628\u0627\u0626\u0639 \u0627\u0644\u062a\u0648\u0627\u0635\u0644 \u0645\u0639 \u0627\u0644\u0645\u0634\u062a\u0631\u064a \u0644\u062a\u0633\u0644\u064a\u0645 \u0627\u0644\u0637\u0644\u0628 \u0639\u0628\u0631 \u0627\u0644\u0628\u064a\u0627\u0646\u0627\u062a \u0627\u0644\u0645\u0633\u062c\u0644\u0629 \u0641\u064a \u0627\u0644\u0645\u0648\u0642\u0639.<\/li>\r\n  <li>\u064a\u0642\u0631 \u0627\u0644\u0645\u0634\u062a\u0631\u064a \u0628\u0635\u062d\u0629 \u0627\u0644\u0645\u0639\u0644\u0648\u0645\u0627\u062a \u0627\u0644\u0645\u0642\u062f\u0645\u0629 \u0648\u064a\u062a\u062d\u0645\u0644 \u0627\u0644\u0645\u0633\u0624\u0648\u0644\u064a\u0629 \u0639\u0646 \u0623\u064a \u0628\u064a\u0627\u0646\u0627\u062a \u063a\u064a\u0631 \u0635\u062d\u064a\u062d\u0629 \u0623\u0648 \u0645\u062e\u0627\u0644\u0641\u0629 \u0644\u0644\u0642\u0627\u0646\u0648\u0646.<\/li>\r\n<\/ul>\r\n\r\n<h2>\u0637\u0631\u064a\u0642\u0629 \u0627\u0644\u062f\u0641\u0639<\/h2>\r\n<ul>\r\n  <li>\u064a\u0645\u0643\u0646 \u0627\u0644\u062f\u0641\u0639 \u0639\u0628\u0631 \u0628\u0637\u0627\u0642\u0629 \u0627\u0626\u062a\u0645\u0627\u0646 \u0628\u0627\u0633\u062a\u062e\u062f\u0627\u0645 \u0628\u0648\u0627\u0628\u0629 \u0627\u0644\u062f\u0641\u0639 \u0627\u0644\u0625\u0644\u0643\u062a\u0631\u0648\u0646\u064a\u0629 (POS) \u0623\u0648 \u0637\u0631\u0642 \u0627\u0644\u062f\u0641\u0639 \u0627\u0644\u0645\u062a\u0627\u062d\u0629 \u0639\u0646\u062f \u0627\u0644\u062a\u0633\u0644\u064a\u0645.<\/li>\r\n  <li>\u064a\u062c\u0628 \u0627\u0633\u062a\u062e\u062f\u0627\u0645 \u0628\u0637\u0627\u0642\u0627\u062a \u062a\u062f\u0639\u0645 \u0645\u064a\u0632\u0629 3D Secure \u0644\u0644\u062a\u0633\u0648\u0642 \u0639\u0628\u0631 \u0627\u0644\u0625\u0646\u062a\u0631\u0646\u062a.<\/li>\r\n<\/ul>\r\n\r\n<h2>\u062d\u0642 \u0627\u0644\u0627\u0646\u0633\u062d\u0627\u0628 \u0648\u0627\u0644\u0625\u0631\u062c\u0627\u0639<\/h2>\r\n<ul>\r\n  <li>Imperial Food \u0644\u0627 \u062a\u062a\u062d\u0645\u0644 \u0645\u0633\u0624\u0648\u0644\u064a\u0629 \u0627\u0633\u062a\u0631\u062c\u0627\u0639 \u0627\u0644\u0645\u0628\u0627\u0644\u063a \u0625\u0644\u0627 \u0648\u0641\u0642 \u0627\u0644\u0634\u0631\u0648\u0637 \u0627\u0644\u0645\u0646\u0635\u0648\u0635 \u0639\u0644\u064a\u0647\u0627 \u0641\u064a \u0627\u0644\u062d\u0645\u0644\u0627\u062a \u0648\u0627\u0644\u0639\u0631\u0648\u0636 \u0627\u0644\u062a\u0631\u0648\u064a\u062c\u064a\u0629 \u0648\u0627\u0644\u0642\u0627\u0646\u0648\u0646.<\/li>\r\n  <li>\u0644\u0627 \u064a\u062d\u0642 \u0627\u0644\u0627\u0646\u0633\u062d\u0627\u0628 \u0645\u0646 \u0634\u0631\u0627\u0621 \u0627\u0644\u0645\u0648\u0627\u062f \u0627\u0644\u063a\u0630\u0627\u0626\u064a\u0629 \u0623\u0648 \u0627\u0644\u0633\u0644\u0639 \u0633\u0631\u064a\u0639\u0629 \u0627\u0644\u062a\u0644\u0641 \u0648\u0641\u0642 \u0627\u0644\u0642\u0627\u0646\u0648\u0646.<\/li>\r\n  <li>\u0644\u0625\u0631\u062c\u0627\u0639 \u0627\u0644\u0645\u0646\u062a\u062c\u0627\u062a \u0627\u0644\u0645\u0639\u064a\u0628\u0629\u060c \u064a\u062c\u0628 \u0623\u0646 \u062a\u0643\u0648\u0646 \u063a\u064a\u0631 \u0645\u0633\u062a\u062e\u062f\u0645\u0629\u060c \u0648\u0627\u0644\u062a\u063a\u0644\u064a\u0641 \u063a\u064a\u0631 \u0645\u0641\u062a\u0648\u062d \u0623\u0648 \u062a\u0627\u0644\u0641.<\/li>\r\n  <li>\u0641\u064a \u062d\u0627\u0644 \u062a\u0644\u0641 \u0627\u0644\u062a\u063a\u0644\u064a\u0641 \u0623\u062b\u0646\u0627\u0621 \u0627\u0644\u0634\u062d\u0646\u060c \u064a\u062c\u0628 \u0627\u0644\u062a\u0642\u0627\u0637 \u0635\u0648\u0631\u0629 \u0648\u0625\u0631\u0633\u0627\u0644\u0647\u0627 \u0625\u0644\u0649 www.imperialfood.ae\u060c \u062b\u0645 \u0625\u0631\u062c\u0627\u0639 \u0627\u0644\u0645\u0646\u062a\u062c \u0645\u0639 \u062a\u0642\u0631\u064a\u0631 \u0627\u0644\u062a\u0644\u0641 \u0644\u064a\u062a\u0645 \u0627\u0639\u062a\u0645\u0627\u062f \u0627\u0644\u0625\u0631\u062c\u0627\u0639 \u0645\u0646 \u0627\u0644\u0628\u0627\u0626\u0639\u060c \u0648\u062a\u062a\u062d\u0645\u0644 \u0627\u0644\u0634\u0631\u0643\u0629 \u062a\u0643\u0627\u0644\u064a\u0641 \u0627\u0644\u0634\u062d\u0646.<\/li>\r\n<\/ul>\r\n\r\n<h2>\u0627\u0644\u0645\u062d\u0643\u0645\u0629 \u0627\u0644\u0645\u062e\u062a\u0635\u0629 \u0648\u0623\u062d\u0643\u0627\u0645 \u0623\u062e\u0631\u0649<\/h2>\r\n<ul>\r\n  <li>\u062a\u0643\u0648\u0646 \u0644\u062c\u0627\u0646 \u062d\u0642\u0648\u0642 \u0627\u0644\u0645\u0633\u062a\u0647\u0644\u0643 \u0648\u0627\u0644\u0645\u062d\u0627\u0643\u0645 \u0627\u0644\u0645\u062e\u062a\u0635\u0629 \u0628\u0645\u0642\u0631 \u0627\u0644\u0628\u0627\u0626\u0639 \u0627\u0644\u062d\u0642 \u0641\u064a \u0627\u0644\u0641\u0635\u0644 \u0648\u0641\u0642 \u0627\u0644\u0642\u0627\u0646\u0648\u0646.<\/li>\r\n  <li>\u064a\u062c\u0628 \u0625\u062e\u0637\u0627\u0631 \u0627\u0644\u0623\u0637\u0631\u0627\u0641 \u0628\u0639\u0646\u0627\u0648\u064a\u0646\u0647\u0645 \u0627\u0644\u062c\u062f\u064a\u062f\u0629 \u0641\u064a \u062d\u0627\u0644 \u062a\u063a\u064a\u064a\u0631 \u0627\u0644\u0639\u0646\u0648\u0627\u0646 \u0623\u062b\u0646\u0627\u0621 \u0627\u0644\u0639\u0642\u062f.<\/li>\r\n<\/ul>\r\n\r\n<h2>\u0628\u064a\u0627\u0646\u0627\u062a \u0627\u0644\u0645\u0634\u062a\u0631\u064a \/ \u0627\u0644\u0637\u0644\u0628<\/h2>\r\n<ul>\r\n  <li>\u0627\u0644\u0627\u0633\u0645 \u0648\u0627\u0644\u0644\u0642\u0628: \u2026<\/li>\r\n  <li>\u0627\u0644\u0639\u0646\u0648\u0627\u0646: \u2026<\/li>\r\n  <li>\u0627\u0644\u0647\u0627\u062a\u0641: \u2026<\/li>\r\n  <li>\u0627\u0644\u0628\u0631\u064a\u062f \u0627\u0644\u0625\u0644\u0643\u062a\u0631\u0648\u0646\u064a: \u2026<\/li>\r\n  <li>\u0627\u0644\u062a\u0627\u0631\u064a\u062e: \u2026<\/li>\r\n  <li>\u062a\u0627\u0631\u064a\u062e \u0627\u0644\u0637\u0644\u0628: \u2026<\/li>\r\n<\/ul>\r\n\r\n<h2>\u0645\u0639\u0644\u0648\u0645\u0627\u062a \u0627\u0644\u0645\u0646\u062a\u062c<\/h2>\r\n<ul>\r\n  <li>\u0648\u0635\u0641 \u0627\u0644\u0645\u0646\u062a\u062c: \u2026<\/li>\r\n  <li>\u0627\u0644\u0645\u062c\u0645\u0648\u0639 \u0627\u0644\u0641\u0631\u0639\u064a (\u0634\u0627\u0645\u0644 \u0627\u0644\u0636\u0631\u0627\u0626\u0628): \u2026<\/li>\r\n  <li>\u0627\u0644\u0625\u062c\u0645\u0627\u0644\u064a: \u2026<\/li>\r\n  <li>\u0637\u0631\u064a\u0642\u0629 \u0627\u0644\u062f\u0641\u0639: \u2026<\/li>\r\n  <li>\u0639\u0646\u0648\u0627\u0646 \u0627\u0644\u062a\u0633\u0644\u064a\u0645: \u2026<\/li>\r\n  <li>\u062a\u0627\u0631\u064a\u062e \u0627\u0644\u0637\u0644\u0628: \u2026<\/li>\r\n  <li>\u0637\u0631\u064a\u0642\u0629 \u0627\u0644\u062a\u0633\u0644\u064a\u0645: \u2026<\/li>\r\n<\/ul>\r\n\r\n<\/div>\r\n\t\t\t\t<\/div>\n\t\t\t\t<\/div>\n\t\t\t\t\t<\/div>\n\t\t<\/div>\n\t\t\t\t\t<\/div>\n\t\t<\/section>\n\t\t\t\t<\/div>","protected":false},"excerpt":{"rendered":"<p>\u0639\u0642\u062f \u0627\u0644\u0628\u064a\u0639 \u0639\u0646 \u0628\u0639\u062f 1. \u0627\u0644\u0623\u0637\u0631\u0627\u0641 \u062a\u0645 \u062a\u0648\u0642\u064a\u0639 \u0647\u0630\u0627 \u0627\u0644\u0639\u0642\u062f \u0628\u064a\u0646 \u0627\u0644\u0623\u0637\u0631\u0627\u0641 \u0627\u0644\u062a\u0627\u0644\u064a\u0629 \u0648\u0641\u0642 \u0627\u0644\u0634\u0631\u0648\u0637 \u0648\u0627\u0644\u0623\u062d\u0643\u0627\u0645 \u0627\u0644\u0645\u0628\u064a\u0646\u0629 \u0623\u062f\u0646\u0627\u0647: \u0627\u0644\u0628\u0627\u0626\u0639: \u0627\u0644\u0627\u0633\u0645 \u0627\u0644\u062a\u062c\u0627\u0631\u064a: Imperial Food G\u0131da Ticaret Limited (\u201cImperial Food\u201d) \u0627\u0644\u0639\u0646\u0648\u0627\u0646: \u062d\u064a Ku\u015ftepe\u060c \u0634\u0627\u0631\u0639 Mecidiyek\u00f6y Yolu\u060c Trump Tower\u060c \u0628\u0644\u0648\u0643 \u0631\u0642\u0645: 12\u060c \u0628\u0627\u0628 \u062f\u0627\u062e\u0644\u064a \u0631\u0642\u0645: 367\u060c \u0634\u064a\u0634\u0644\u064a \/ \u0625\u0633\u0637\u0646\u0628\u0648\u0644 \u0627\u0644\u0628\u0631\u064a\u062f \u0627\u0644\u0625\u0644\u0643\u062a\u0631\u0648\u0646\u064a: iletisim@imperialfood.ae \u0627\u0644\u0631\u0642\u0645 \u0627\u0644\u0636\u0631\u064a\u0628\u064a: 4740824548 Ka\u011f\u0131thane \u0631\u0642\u0645 MERSIS: [&hellip;]<\/p>\n","protected":false},"author":1,"featured_media":0,"parent":0,"menu_order":0,"comment_status":"closed","ping_status":"closed","template":"elementor_header_footer","meta":{"_acf_changed":false,"footnotes":""},"class_list":["post-1473","page","type-page","status-publish","hentry"],"acf":[],"jetpack_sharing_enabled":true,"_links":{"self":[{"href":"https:\/\/imperialfood.ae\/en_us\/wp-json\/wp\/v2\/pages\/1473","targetHints":{"allow":["GET"]}}],"collection":[{"href":"https:\/\/imperialfood.ae\/en_us\/wp-json\/wp\/v2\/pages"}],"about":[{"href":"https:\/\/imperialfood.ae\/en_us\/wp-json\/wp\/v2\/types\/page"}],"author":[{"embeddable":true,"href":"https:\/\/imperialfood.ae\/en_us\/wp-json\/wp\/v2\/users\/1"}],"replies":[{"embeddable":true,"href":"https:\/\/imperialfood.ae\/en_us\/wp-json\/wp\/v2\/comments?post=1473"}],"version-history":[{"count":13,"href":"https:\/\/imperialfood.ae\/en_us\/wp-json\/wp\/v2\/pages\/1473\/revisions"}],"predecessor-version":[{"id":2592,"href":"https:\/\/imperialfood.ae\/en_us\/wp-json\/wp\/v2\/pages\/1473\/revisions\/2592"}],"wp:attachment":[{"href":"https:\/\/imperialfood.ae\/en_us\/wp-json\/wp\/v2\/media?parent=1473"}],"curies":[{"name":"wp","href":"https:\/\/api.w.org\/{rel}","templated":true}]}}